{"id":1811,"date":"2022-05-17T16:13:21","date_gmt":"2022-05-17T14:13:21","guid":{"rendered":"https:\/\/robertoalimentare.com\/?page_id=1811"},"modified":"2022-05-17T16:53:01","modified_gmt":"2022-05-17T14:53:01","slug":"1811-2","status":"publish","type":"page","link":"https:\/\/robertoalimentare.com\/en\/1811-2\/","title":{"rendered":"INFORMATIVA SUL TRATTAMENTO DEI DATI PERSONALI &#8211; PRIVACY POLICY"},"content":{"rendered":"\n<p>Roberto Industria Alimentare S.r.l., in qualit\u00e0 di titolare del trattamento dei suoi dati personali (di seguito \u201cTitolare\u201d), rilascia la presente informativa nel rispetto della disciplina europea e italiana in materia di protezione dei dati personali, allo scopo di farti conoscere le finalit\u00e0 e le modalit\u00e0 del trattamento dei dati personali che potresti comunicare durante la navigazione nel presente sito web (di seguito \u201cSito\u201d).<\/p>\n\n\n\n<p>Si precisa che la presente informativa si riferisce unicamente al Sito e non a siti web di soggetti terzi, eventualmente raggiungibili dall\u2019Utente mediante link in esso presenti.<\/p>\n\n\n\n<p><strong><u>CATEGORIE DI DATI TRATTATI<\/u><\/strong><\/p>\n\n\n\n<p><strong>Dati di navigazione<\/strong><\/p>\n\n\n\n<p>I sistemi informatici e le procedure software preposte al funzionamento di questo sito web acquisiscono, nel corso del loro normale esercizio, alcuni dati personali la cui trasmissione \u00e8 implicita nell&#8217;uso dei protocolli di comunicazione di Internet. Si tratta di informazioni che non sono raccolte per essere associate a interessati identificati, ma che per loro stessa natura potrebbero, attraverso elaborazioni ed associazioni con dati detenuti da terzi, permettere di identificare gli utenti. In questa categoria di dati rientrano, ad esempio, gli indirizzi IP o i nomi a dominio dei computer utilizzati dagli utenti che si connettono al sito, gli indirizzi in notazione URI (Uniform Resource Identifier) delle risorse richieste, l&#8217;orario della richiesta, il metodo utilizzato nel sottoporre la richiesta al server, la dimensione del file ottenuto in risposta, il codice numerico indicante lo stato della risposta data dal server (buon fine, errore, ecc.) ed altri parametri relativi al sistema operativo e all&#8217;ambiente informatico dell&#8217;utente. Questi dati vengono utilizzati al solo fine di ricavare informazioni statistiche anonime sull&#8217;uso del sito e per controllarne il corretto funzionamento e vengono cancellati immediatamente dopo l&#8217;elaborazione.<\/p>\n\n\n\n<p><strong>Dati forniti volontariamente dall\u2019Utente<\/strong><\/p>\n\n\n\n<p>L&#8217;invio di posta elettronica agli indirizzi indicati nel Sito &#8211; facoltativo, esplicito e volontario &#8211; comporta la successiva acquisizione del tuo indirizzo e-mail, necessario per rispondere alle richieste, nonch\u00e9 degli ulteriori dati personali eventualmente comunicati. Nel Sito sono presenti form di compilazione, corredati da specifiche informative sul trattamento dei dati personali svolto e, laddove necessario, da richieste di consenso: ti invitiamo pertanto a prenderne visione prima di procedere con l\u2019utilizzo del form.<\/p>\n\n\n\n<p><strong>Cookie<\/strong><\/p>\n\n\n\n<p>Per ogni informazione in ordine all\u2019utilizzo dei cookie da parte del Sito, accedi all\u2019apposita informativa cliccando qui <a href=\"https:\/\/www.iubenda.com\/privacy-policy\/21425344\/cookie-policy\" target=\"_blank\" rel=\"noreferrer noopener\">cookie policy<\/a>.<\/p>\n\n\n\n<p><strong><u>FINALIT\u00c0 E BASE GIURIDICA DEL TRATTAMENTO, NATURA DEL CONFERIMENTO DEI DATI E CONSEGUENZE IN CASO DI RIFIUTO<\/u><\/strong><\/p>\n\n\n\n<p>Il Titolare tratter\u00e0 i tuoi dati per agevolare la navigazione e per fornire i servizi da te eventualmente richiesti tramite i moduli appositamente predisposti nel Sito. A parte quanto specificato per i dati di navigazione e per i cookie tecnici, nell\u2019ambito delle sezioni del Sito predisposte per particolari servizi a tua richiesta sarai libero di fornire i tuoi dati personali per le finalit\u00e0 riportate nelle rispettive informative, ma il loro mancato conferimento pu\u00f2 comportare l&#8217;impossibilit\u00e0 di ottenere il servizio richiesto.<\/p>\n\n\n\n<p><strong><u>PERIODO DI CONSERVAZIONE DEI DATI<\/u><\/strong><\/p>\n\n\n\n<p>Il Titolare tratter\u00e0 i dati personali raccolti attraverso l\u2019utilizzo del Sito per il tempo strettamente necessario a conseguire gli scopi per cui sono stati raccolti nonch\u00e9, terminato quest\u2019ultimo, per i tempi eventualmente stabiliti dalle norme vigenti.<\/p>\n\n\n\n<p>Per maggiori dettagli, si rimanda alle eventualmente informative predisposte per particolari servizi.<\/p>\n\n\n\n<p><strong><u>AMBITO DI COMUNICAZIONE DEI DATI E CATEGORIE DI DESTINATARI<\/u><\/strong><\/p>\n\n\n\n<p>Il Titolare non diffonder\u00e0 i dati, ma intende comunicarli a figure interne autorizzate al trattamento in ragione delle rispettive mansioni, nonch\u00e9 a soggetti esterni a cui si rendesse necessario comunicare i dati. Tali destinatari, ove dovessero trattare dati per conto del Titolare, saranno designati come responsabili del trattamento con apposito contratto od altro atto giuridico.<\/p>\n\n\n\n<p>Per maggiori dettagli, si rimanda alle informative predisposte per particolari servizi.<\/p>\n\n\n\n<p><strong><u>TRASFERIMENTO DATI VERSO UN PAESE TERZO E\/O UN\u2019ORGANIZZAZIONE INTERNAZIONALE<\/u><\/strong><\/p>\n\n\n\n<p>I tuoi dati personali non saranno oggetto di trasferimento presso Paesi Terzi non europei.<\/p>\n\n\n\n<p><strong><u>DIRITTI DEGLI INTERESSATI<\/u><\/strong><\/p>\n\n\n\n<p>\u00c8 tuo diritto chiedere al Titolare di accedere ai tuoi dati personali e di rettificarli se inesatti, di cancellarli o limitarne il trattamento se ne ricorrono i presupposti, di opporti al loro trattamento per legittimi interessi perseguiti dal Titolare, nonch\u00e9 di ottenere la portabilit\u00e0 dei dati personalmente forniti solo se oggetto di un trattamento automatizzato basato sul consenso o sul contratto. Hai altres\u00ec il diritto di revocare il consenso prestato per le finalit\u00e0 di trattamento che lo richiedono, ferma restando la liceit\u00e0 del trattamento effettuato sino al momento della revoca.<\/p>\n\n\n\n<p>Per esercitare i tuoi diritti, puoi utilizzare il modulo disponibile <a href=\"https:\/\/www.garanteprivacy.it\/web\/guest\/home\/docweb\/-\/docweb-display\/docweb\/1089924\">qui<\/a> e inoltrarlo al seguente recapito: privacy@robertoalimentare.com. Ti ricordiamo infine che hai anche il diritto di proporre reclamo all\u2019autorit\u00e0 di controllo competente in materia, Garante per la protezione dei dati personali (<a href=\"http:\/\/www.garanteprivacy.it\">www.garanteprivacy.it<\/a>).<\/p>\n\n\n\n<p>Ultimo aggiornamento: marzo 2022.<\/p>\n\n\n\n<p>La presente informativa potrebbe subire modifiche: ti consigliamo quindi di controllare la data dell\u2019ultima revisione.<\/p>\n","protected":false},"excerpt":{"rendered":"<p>Roberto Industria Alimentare S.r.l., in qualit\u00e0 di titolare del trattamento dei suoi dati personali (di seguito \u201cTitolare\u201d), rilascia la presente informativa nel rispetto della disciplina europea e italiana in materia di protezione dei dati personali, allo scopo di farti conoscere le finalit\u00e0 e le modalit\u00e0 del trattamento dei dati personali che potresti comunicare durante la [&hellip;]<\/p>\n","protected":false},"author":3,"featured_media":0,"parent":0,"menu_order":0,"comment_status":"closed","ping_status":"closed","template":"","meta":{"_acf_changed":false,"inline_featured_image":false,"_monsterinsights_skip_tracking":false,"_monsterinsights_sitenote_active":false,"_monsterinsights_sitenote_note":"","_monsterinsights_sitenote_category":0,"footnotes":""},"class_list":["post-1811","page","type-page","status-publish","hentry"],"acf":[],"aioseo_notices":[],"_links":{"self":[{"href":"https:\/\/robertoalimentare.com\/en\/wp-json\/wp\/v2\/pages\/1811","targetHints":{"allow":["GET"]}}],"collection":[{"href":"https:\/\/robertoalimentare.com\/en\/wp-json\/wp\/v2\/pages"}],"about":[{"href":"https:\/\/robertoalimentare.com\/en\/wp-json\/wp\/v2\/types\/page"}],"author":[{"embeddable":true,"href":"https:\/\/robertoalimentare.com\/en\/wp-json\/wp\/v2\/users\/3"}],"replies":[{"embeddable":true,"href":"https:\/\/robertoalimentare.com\/en\/wp-json\/wp\/v2\/comments?post=1811"}],"version-history":[{"count":0,"href":"https:\/\/robertoalimentare.com\/en\/wp-json\/wp\/v2\/pages\/1811\/revisions"}],"wp:attachment":[{"href":"https:\/\/robertoalimentare.com\/en\/wp-json\/wp\/v2\/media?parent=1811"}],"curies":[{"name":"wp","href":"https:\/\/api.w.org\/{rel}","templated":true}]}}