{"id":1787,"date":"2022-05-17T15:49:35","date_gmt":"2022-05-17T13:49:35","guid":{"rendered":"https:\/\/robertoalimentare.com\/?page_id=1787"},"modified":"2022-05-17T15:52:20","modified_gmt":"2022-05-17T13:52:20","slug":"informativa-sul-trattamento-dei-dati-personali-newsletter","status":"publish","type":"page","link":"https:\/\/robertoalimentare.com\/en\/informativa-sul-trattamento-dei-dati-personali-newsletter\/","title":{"rendered":"INFORMATIVA SUL TRATTAMENTO DEI DATI PERSONALI &#8211; NEWSLETTER"},"content":{"rendered":"\n<p>Roberto Industria Alimentare S.r.l., in qualit\u00e0 di titolare del trattamento dei dati personali (di seguito \u201cTitolare\u201d), rilascia la presente informativa all\u2019Interessato nel rispetto della disciplina europea e italiana in materia di protezione dei dati personali.<\/p>\n\n\n\n<p>La presente informativa integra la policy di navigazione del sito web, allo scopo di illustrare all\u2019Utente come il Titolare tratter\u00e0 nello specifico i dati inseriti nel presente form di contatto: si invita pertanto a prendere visione della nostra privacy policy [inserire link].<\/p>\n\n\n\n<p><strong><u>Finalit\u00e0 e base giuridica del trattamento<\/u><\/strong><\/p>\n\n\n\n<p>Se si iscriver\u00e0 al presente servizio, Roberto Industria Alimentare S.r.l. tratter\u00e0 i dati personali raccolti per inviare via e-mail la newsletter contenente informazioni sui propri prodotti o servizi, nonch\u00e9 promozioni o inviti ad eventi ai quali parteciper\u00e0. La base giuridica consiste nella necessit\u00e0 per il perseguimento della suddetta finalit\u00e0.<\/p>\n\n\n\n<p><strong><u>Periodo di conservazione dei dati<\/u><\/strong><\/p>\n\n\n\n<p>Il Titolare tratter\u00e0 i dati sino alla cessazione del servizio o all\u2019eventuale richiesta di disiscrizione, se precedente.<\/p>\n\n\n\n<p><strong><u>Natura del conferimento dei dati e conseguenze in caso di rifiuto<\/u><\/strong><\/p>\n\n\n\n<p>Il conferimento dei dati \u00e8 facoltativo, ma il rifiuto di comunicarli comporta l\u2019impossibilit\u00e0 di iscriversi al presente servizio.<\/p>\n\n\n\n<p><strong><u>Ambito di comunicazione dei dati e categorie di destinatari<\/u><\/strong><\/p>\n\n\n\n<p>Il Titolare non diffonder\u00e0 i dati, che saranno comunicati esclusivamente a figure interne autorizzate al trattamento in ragione delle rispettive mansioni, nonch\u00e9 a professionisti, societ\u00e0 o altri terzi che svolgono attivit\u00e0 in outsourcing e che sono quindi nominati responsabili del trattamento con apposito contratto o altro atto giuridico.<\/p>\n\n\n\n<p><strong><u>Trasferimento dati verso un Paese terzo e\/o un\u2019organizzazione internazionale<\/u><\/strong><\/p>\n\n\n\n<p>I dati personali non saranno oggetto di trasferimento n\u00e9 verso Paesi terzi non europei n\u00e9 verso organizzazioni internazionali.<\/p>\n\n\n\n<p><strong><u>Diritti degli interessati<\/u><\/strong><\/p>\n\n\n\n<p>L\u2019Interessato ha il diritto di effettuare la disiscrizione dal presente servizio in qualsiasi momento e potr\u00e0 altres\u00ec chiedere al Titolare di accedere ai propri dati personali e di rettificarli se inesatti, di cancellarli o limitarne il trattamento se ne ricorrono i presupposti, nonch\u00e9 di ottenerne la portabilit\u00e0.<\/p>\n\n\n\n<p>Per esercitare i propri diritti, l\u2019Interessato pu\u00f2 utilizzare il modulo disponibile <a href=\"https:\/\/www.garanteprivacy.it\/web\/guest\/home\/docweb\/-\/docweb-display\/docweb\/1089924\">qui<\/a> e inoltrarlo al Titolare al seguente recapito: privacy@robertoalimentare.com L\u2019Interessato ha anche il diritto di proporre reclamo all\u2019autorit\u00e0 di controllo competente in materia, Garante per la protezione dei dati personali (<a href=\"http:\/\/www.garanteprivacy.it\">www.garanteprivacy.it<\/a>).<\/p>\n","protected":false},"excerpt":{"rendered":"<p>Roberto Industria Alimentare S.r.l., in qualit\u00e0 di titolare del trattamento dei dati personali (di seguito \u201cTitolare\u201d), rilascia la presente informativa all\u2019Interessato nel rispetto della disciplina europea e italiana in materia di protezione dei dati personali. La presente informativa integra la policy di navigazione del sito web, allo scopo di illustrare all\u2019Utente come il Titolare tratter\u00e0 [&hellip;]<\/p>\n","protected":false},"author":3,"featured_media":0,"parent":0,"menu_order":0,"comment_status":"closed","ping_status":"closed","template":"","meta":{"_acf_changed":false,"inline_featured_image":false,"_monsterinsights_skip_tracking":false,"_monsterinsights_sitenote_active":false,"_monsterinsights_sitenote_note":"","_monsterinsights_sitenote_category":0,"footnotes":""},"class_list":["post-1787","page","type-page","status-publish","hentry"],"acf":[],"aioseo_notices":[],"_links":{"self":[{"href":"https:\/\/robertoalimentare.com\/en\/wp-json\/wp\/v2\/pages\/1787","targetHints":{"allow":["GET"]}}],"collection":[{"href":"https:\/\/robertoalimentare.com\/en\/wp-json\/wp\/v2\/pages"}],"about":[{"href":"https:\/\/robertoalimentare.com\/en\/wp-json\/wp\/v2\/types\/page"}],"author":[{"embeddable":true,"href":"https:\/\/robertoalimentare.com\/en\/wp-json\/wp\/v2\/users\/3"}],"replies":[{"embeddable":true,"href":"https:\/\/robertoalimentare.com\/en\/wp-json\/wp\/v2\/comments?post=1787"}],"version-history":[{"count":0,"href":"https:\/\/robertoalimentare.com\/en\/wp-json\/wp\/v2\/pages\/1787\/revisions"}],"wp:attachment":[{"href":"https:\/\/robertoalimentare.com\/en\/wp-json\/wp\/v2\/media?parent=1787"}],"curies":[{"name":"wp","href":"https:\/\/api.w.org\/{rel}","templated":true}]}}